{"id":55,"date":"2026-03-27T00:00:42","date_gmt":"2026-03-26T23:00:42","guid":{"rendered":"http:\/\/clotilde-hulin.com\/art\/?page_id=55"},"modified":"2026-03-27T19:13:54","modified_gmt":"2026-03-27T18:13:54","slug":"actualite-expositions","status":"publish","type":"page","link":"https:\/\/clotilde-hulin.com\/art\/actualite-expositions\/","title":{"rendered":"Actualit\u00e9"},"content":{"rendered":"\n<p>Retrouvez les expositions 2026 et les \u00e9v\u00e9nements en Pr\u00e9paration<\/p>\n\n\n\n<p><\/p>\n\n\n\n<div class=\"wp-block-columns is-layout-flex wp-container-core-columns-is-layout-28f84493 wp-block-columns-is-layout-flex\">\n<div class=\"wp-block-column is-layout-flow wp-block-column-is-layout-flow\" style=\"flex-basis:33.33%\"><\/div>\n\n\n\n<div class=\"wp-block-column is-layout-flow wp-block-column-is-layout-flow\" style=\"flex-basis:66.66%\"><\/div>\n<\/div>\n\n\n\n<div class=\"wp-block-columns is-layout-flex wp-container-core-columns-is-layout-28f84493 wp-block-columns-is-layout-flex\">\n<div class=\"wp-block-column is-layout-flow wp-block-column-is-layout-flow\">\n<h2 class=\"wp-block-heading\">Expositions <\/h2>\n\n\n\n<p>Les expositions de 2026 : autour la s\u00e9rie \u00ab\u00a0<a href=\"\/art\/bwg_gallery\/fleurs\/\">Retour aux Sources<\/a>\u00a0\u00bb de mai \u00e0 Octobre .Venez d\u00e9couvrir cette s\u00e9rie!<\/p>\n<\/div>\n\n\n\n<div class=\"wp-block-column is-layout-flow wp-block-column-is-layout-flow\">\n<figure class=\"wp-block-image size-medium is-resized\"><img loading=\"lazy\" decoding=\"async\" width=\"240\" height=\"300\" src=\"https:\/\/clotilde-hulin.com\/art\/wp-content\/uploads\/2026\/03\/Vert-Beige-Minimaliste-Presentation-Publication-Instagram-240x300.png\" alt=\"pr\u00e9sentation de la nouvelle s\u00e9rie de Tableaux &quot;Retour au sources&quot; \u00e0 d\u00e9couvrir lors des expositions de 2026\" class=\"wp-image-1419\" style=\"width:240px;height:auto\" srcset=\"https:\/\/clotilde-hulin.com\/art\/wp-content\/uploads\/2026\/03\/Vert-Beige-Minimaliste-Presentation-Publication-Instagram-240x300.png 240w, https:\/\/clotilde-hulin.com\/art\/wp-content\/uploads\/2026\/03\/Vert-Beige-Minimaliste-Presentation-Publication-Instagram-819x1024.png 819w, https:\/\/clotilde-hulin.com\/art\/wp-content\/uploads\/2026\/03\/Vert-Beige-Minimaliste-Presentation-Publication-Instagram-768x960.png 768w, https:\/\/clotilde-hulin.com\/art\/wp-content\/uploads\/2026\/03\/Vert-Beige-Minimaliste-Presentation-Publication-Instagram-480x600.png 480w, https:\/\/clotilde-hulin.com\/art\/wp-content\/uploads\/2026\/03\/Vert-Beige-Minimaliste-Presentation-Publication-Instagram.png 1080w\" sizes=\"auto, (max-width: 240px) 100vw, 240px\" \/><figcaption class=\"wp-element-caption\">tableau de la s\u00e9rie Retour aux sources pour expositions 2026 @Adagp, paris 2026<\/figcaption><\/figure>\n<\/div>\n\n\n\n<div class=\"wp-block-column is-layout-flow wp-block-column-is-layout-flow\"><\/div>\n<\/div>\n\n\n\n<div class=\"wp-block-columns is-layout-flex wp-container-core-columns-is-layout-28f84493 wp-block-columns-is-layout-flex\">\n<div class=\"wp-block-column is-layout-flow wp-block-column-is-layout-flow\">\n<h2 class=\"wp-block-heading\">14 15 16  17 mai 2026 ..au Touquet<\/h2>\n\n\n\n<p>j\u2019aurai le plaisir de vous retrouver au Palais des Congr\u00e8s lors du Salon artistique ,exposition organis\u00e9e par  l&rsquo;association Apapco comme l&rsquo;an pass\u00e9. j&rsquo;y pr\u00e9senterai 4 tableaux de la s\u00e9rie retour aux sources.<\/p>\n\n\n\n<figure class=\"wp-block-image size-large is-resized\"><img loading=\"lazy\" decoding=\"async\" width=\"886\" height=\"1024\" src=\"https:\/\/clotilde-hulin.com\/art\/wp-content\/uploads\/2026\/03\/IMG_1689-1-886x1024.jpg\" alt=\"extraits de tableaux qui seront expos\u00e9s au palais des Congr\u00e8s le Touquet\" class=\"wp-image-1418\" style=\"aspect-ratio:0.8652489268268614;width:247px;height:auto\" srcset=\"https:\/\/clotilde-hulin.com\/art\/wp-content\/uploads\/2026\/03\/IMG_1689-1-886x1024.jpg 886w, https:\/\/clotilde-hulin.com\/art\/wp-content\/uploads\/2026\/03\/IMG_1689-1-260x300.jpg 260w, https:\/\/clotilde-hulin.com\/art\/wp-content\/uploads\/2026\/03\/IMG_1689-1-768x888.jpg 768w, https:\/\/clotilde-hulin.com\/art\/wp-content\/uploads\/2026\/03\/IMG_1689-1-1329x1536.jpg 1329w, https:\/\/clotilde-hulin.com\/art\/wp-content\/uploads\/2026\/03\/IMG_1689-1-519x600.jpg 519w, https:\/\/clotilde-hulin.com\/art\/wp-content\/uploads\/2026\/03\/IMG_1689-1.jpg 1456w\" sizes=\"auto, (max-width: 886px) 100vw, 886px\" \/><figcaption class=\"wp-element-caption\">Parties de tableaux fleuris pour l&rsquo;exposition au Palais des Congr\u00e8s @Adagp Paris 2026<\/figcaption><\/figure>\n<\/div>\n\n\n\n<div class=\"wp-block-column is-layout-flow wp-block-column-is-layout-flow\">\n<figure class=\"wp-block-image size-large is-resized\"><img loading=\"lazy\" decoding=\"async\" width=\"724\" height=\"1024\" src=\"https:\/\/clotilde-hulin.com\/art\/wp-content\/uploads\/2026\/01\/9558288A-4CE0-4573-BBEE-28A82C1A2EE5-724x1024.jpeg\" alt=\"Affiche de l'exposition Salon artistique au palais des Congr\u00e8s du touquet. organis\u00e9e par l'association Apapco\" class=\"wp-image-1403\" style=\"aspect-ratio:0.707046053054146;width:295px;height:auto\" srcset=\"https:\/\/clotilde-hulin.com\/art\/wp-content\/uploads\/2026\/01\/9558288A-4CE0-4573-BBEE-28A82C1A2EE5-724x1024.jpeg 724w, https:\/\/clotilde-hulin.com\/art\/wp-content\/uploads\/2026\/01\/9558288A-4CE0-4573-BBEE-28A82C1A2EE5-212x300.jpeg 212w, https:\/\/clotilde-hulin.com\/art\/wp-content\/uploads\/2026\/01\/9558288A-4CE0-4573-BBEE-28A82C1A2EE5-768x1086.jpeg 768w, https:\/\/clotilde-hulin.com\/art\/wp-content\/uploads\/2026\/01\/9558288A-4CE0-4573-BBEE-28A82C1A2EE5-1086x1536.jpeg 1086w, https:\/\/clotilde-hulin.com\/art\/wp-content\/uploads\/2026\/01\/9558288A-4CE0-4573-BBEE-28A82C1A2EE5-424x600.jpeg 424w, https:\/\/clotilde-hulin.com\/art\/wp-content\/uploads\/2026\/01\/9558288A-4CE0-4573-BBEE-28A82C1A2EE5.jpeg 1190w\" sizes=\"auto, (max-width: 724px) 100vw, 724px\" \/><figcaption class=\"wp-element-caption\">Au palais des Congr\u00e8s du Touquet avec L&rsquo;association Apapco<\/figcaption><\/figure>\n<\/div>\n\n\n\n<div class=\"wp-block-column is-layout-flow wp-block-column-is-layout-flow\">\n<div class=\"wp-block-columns is-layout-flex wp-container-core-columns-is-layout-28f84493 wp-block-columns-is-layout-flex\">\n<div class=\"wp-block-column is-layout-flow wp-block-column-is-layout-flow\" style=\"flex-basis:100%\">\n<div class=\"wp-block-columns is-layout-flex wp-container-core-columns-is-layout-28f84493 wp-block-columns-is-layout-flex\">\n<div class=\"wp-block-column is-layout-flow wp-block-column-is-layout-flow\" style=\"flex-basis:100%\"><\/div>\n<\/div>\n<\/div>\n<\/div>\n<\/div>\n<\/div>\n\n\n\n<div class=\"wp-block-columns is-layout-flex wp-container-core-columns-is-layout-28f84493 wp-block-columns-is-layout-flex\">\n<div class=\"wp-block-column is-layout-flow wp-block-column-is-layout-flow\">\n<h2 class=\"wp-block-heading\">En mai 2026 \u00e0 la Ciotat<\/h2>\n\n\n\n<p>j\u2019aurai le plaisir de vous retrouver en mai \u00e0 La Ciotat <a href=\"https:\/\/www.barissardo.com\" target=\"_blank\" rel=\"noreferrer noopener\">Galerie Barissardo <\/a>en compagnie de 3 Artistes du Salon d&rsquo;Automne( groupe Synth\u00e8se) <a href=\"http:\/\/www.isabelle-venet.com\">Isabelle Venet,<\/a> <a href=\"http:\/\/misha-artworks.com\">Misha,<\/a> <a href=\"http:\/\/www.ginetteadamson.com\/\" target=\"_blank\" rel=\"noreferrer noopener\">Ginette Adamson<\/a>&#8230; j&rsquo;exposerai 8 tableaux de diff\u00e9rents formats issus de la s\u00e9rie Retour aux sources.<\/p>\n\n\n\n<p><\/p>\n\n\n\n<p><\/p>\n\n\n\n<div class=\"wp-block-columns is-layout-flex wp-container-core-columns-is-layout-28f84493 wp-block-columns-is-layout-flex\">\n<div class=\"wp-block-column is-layout-flow wp-block-column-is-layout-flow\">\n<p>Le 23 mai d\u00e8s 16h Rencontre avec les artistes<\/p>\n\n\n\n<figure class=\"wp-block-image size-full is-resized\"><img loading=\"lazy\" decoding=\"async\" width=\"1000\" height=\"1000\" src=\"https:\/\/clotilde-hulin.com\/art\/wp-content\/uploads\/2026\/03\/Invitation-Web.jpg\" alt=\"\" class=\"wp-image-1500\" style=\"width:291px;height:auto\" srcset=\"https:\/\/clotilde-hulin.com\/art\/wp-content\/uploads\/2026\/03\/Invitation-Web.jpg 1000w, https:\/\/clotilde-hulin.com\/art\/wp-content\/uploads\/2026\/03\/Invitation-Web-300x300.jpg 300w, https:\/\/clotilde-hulin.com\/art\/wp-content\/uploads\/2026\/03\/Invitation-Web-200x200.jpg 200w, https:\/\/clotilde-hulin.com\/art\/wp-content\/uploads\/2026\/03\/Invitation-Web-768x768.jpg 768w, https:\/\/clotilde-hulin.com\/art\/wp-content\/uploads\/2026\/03\/Invitation-Web-600x600.jpg 600w\" sizes=\"auto, (max-width: 1000px) 100vw, 1000px\" \/><figcaption class=\"wp-element-caption\">Affiche presentant l&rsquo;exposition de mai  2026 \u00e0 la <a href=\"https:\/\/www.barissardo.com\" type=\"link\" id=\"https:\/\/www.barissardo.com\" target=\"_blank\" rel=\"noreferrer noopener\">galerie Barissardo<\/a><\/figcaption><\/figure>\n<\/div>\n\n\n\n<div class=\"wp-block-column is-layout-flow wp-block-column-is-layout-flow\">\n<figure class=\"wp-block-image size-large is-resized\"><img loading=\"lazy\" decoding=\"async\" width=\"744\" height=\"1024\" src=\"https:\/\/clotilde-hulin.com\/art\/wp-content\/uploads\/2026\/03\/webcaertenvitgrse2-744x1024.jpg\" alt=\"visuel exposition s\u00e9rie Retour aux sources\" class=\"wp-image-1422\" style=\"aspect-ratio:0.7265646040065463;width:265px;height:auto\" srcset=\"https:\/\/clotilde-hulin.com\/art\/wp-content\/uploads\/2026\/03\/webcaertenvitgrse2-744x1024.jpg 744w, https:\/\/clotilde-hulin.com\/art\/wp-content\/uploads\/2026\/03\/webcaertenvitgrse2-218x300.jpg 218w, https:\/\/clotilde-hulin.com\/art\/wp-content\/uploads\/2026\/03\/webcaertenvitgrse2-768x1058.jpg 768w, https:\/\/clotilde-hulin.com\/art\/wp-content\/uploads\/2026\/03\/webcaertenvitgrse2-1115x1536.jpg 1115w, https:\/\/clotilde-hulin.com\/art\/wp-content\/uploads\/2026\/03\/webcaertenvitgrse2-1487x2048.jpg 1487w, https:\/\/clotilde-hulin.com\/art\/wp-content\/uploads\/2026\/03\/webcaertenvitgrse2-436x600.jpg 436w, https:\/\/clotilde-hulin.com\/art\/wp-content\/uploads\/2026\/03\/webcaertenvitgrse2.jpg 1801w\" sizes=\"auto, (max-width: 744px) 100vw, 744px\" \/><figcaption class=\"wp-element-caption\">Selection de v\u00e9g\u00e9taux peints pour L&rsquo;exposition \u00e0 la Galerie Barissardo<br>@Adagp Paris 2026<\/figcaption><\/figure>\n<\/div>\n<\/div>\n<\/div>\n<\/div>\n\n\n\n<div class=\"wp-block-columns is-layout-flex wp-container-core-columns-is-layout-28f84493 wp-block-columns-is-layout-flex\">\n<div class=\"wp-block-column is-layout-flow wp-block-column-is-layout-flow\">\n<p><\/p>\n\n\n\n<p><br><strong> <\/strong><\/p>\n\n\n\n<p><\/p>\n\n\n\n<p><strong><br><\/strong><\/p>\n\n\n\n<p><\/p>\n\n\n\n<p><\/p>\n\n\n\n<p><\/p>\n\n\n\n<p><\/p>\n\n\n\n<p><\/p>\n<\/div>\n<\/div>\n\n\n\n<p><\/p>\n","protected":false},"excerpt":{"rendered":"<p>Retrouvez les expositions 2026 et les \u00e9v\u00e9nements en Pr\u00e9paration Expositions Les expositions de 2026 : autour la s\u00e9rie \u00ab\u00a0Retour aux Sources\u00a0\u00bb de mai \u00e0 Octobre .Venez d\u00e9couvrir cette s\u00e9rie! 14 15 16 17 mai 2026 ..au Touquet j\u2019aurai le plaisir de vous retrouver au Palais des Congr\u00e8s lors du Salon artistique ,exposition organis\u00e9e par l&rsquo;association [&hellip;]<\/p>\n","protected":false},"author":1,"featured_media":1419,"parent":0,"menu_order":0,"comment_status":"closed","ping_status":"closed","template":"","meta":{"site-sidebar-layout":"default","site-content-layout":"default","ast-site-content-layout":"default","site-content-style":"default","site-sidebar-style":"default","ast-global-header-display":"","ast-banner-title-visibility":"","ast-main-header-display":"","ast-hfb-above-header-display":"","ast-hfb-below-header-display":"","ast-hfb-mobile-header-display":"","site-post-title":"","ast-breadcrumbs-content":"","ast-featured-img":"","footer-sml-layout":"","ast-disable-related-posts":"","theme-transparent-header-meta":"default","adv-header-id-meta":"","stick-header-meta":"","header-above-stick-meta":"","header-main-stick-meta":"","header-below-stick-meta":"","astra-migrate-meta-layouts":"set","ast-page-background-enabled":"default","ast-page-background-meta":{"desktop":{"background-color":"","background-image":"","background-repeat":"repeat","background-position":"center center","background-size":"auto","background-attachment":"scroll","background-type":"","background-media":"","overlay-type":"","overlay-color":"","overlay-opacity":"","overlay-gradient":""},"tablet":{"background-color":"","background-image":"","background-repeat":"repeat","background-position":"center center","background-size":"auto","background-attachment":"scroll","background-type":"","background-media":"","overlay-type":"","overlay-color":"","overlay-opacity":"","overlay-gradient":""},"mobile":{"background-color":"","background-image":"","background-repeat":"repeat","background-position":"center center","background-size":"auto","background-attachment":"scroll","background-type":"","background-media":"","overlay-type":"","overlay-color":"","overlay-opacity":"","overlay-gradient":""}},"ast-content-background-meta":{"desktop":{"background-color":"var(--ast-global-color-5)","background-image":"","background-repeat":"repeat","background-position":"center center","background-size":"auto","background-attachment":"scroll","background-type":"","background-media":"","overlay-type":"","overlay-color":"","overlay-opacity":"","overlay-gradient":""},"tablet":{"background-color":"var(--ast-global-color-5)","background-image":"","background-repeat":"repeat","background-position":"center center","background-size":"auto","background-attachment":"scroll","background-type":"","background-media":"","overlay-type":"","overlay-color":"","overlay-opacity":"","overlay-gradient":""},"mobile":{"background-color":"var(--ast-global-color-5)","background-image":"","background-repeat":"repeat","background-position":"center center","background-size":"auto","background-attachment":"scroll","background-type":"","background-media":"","overlay-type":"","overlay-color":"","overlay-opacity":"","overlay-gradient":""}},"two_page_speed":[],"footnotes":""},"class_list":["post-55","page","type-page","status-publish","has-post-thumbnail","hentry"],"yoast_head":"<!-- This site is optimized with the Yoast SEO plugin v27.4 - https:\/\/yoast.com\/product\/yoast-seo-wordpress\/ -->\n<title>Actualit\u00e9 et expositions \u00e0 venir<\/title>\n<meta name=\"description\" content=\"Actualit\u00e9: prochaines expositions de groupe et \u00e9v\u00e9nements artistiques en cours et a venir dont l&#039;exposition Automne \u00e0 La Ciotat. %\" \/>\n<meta name=\"robots\" content=\"index, follow, max-snippet:-1, max-image-preview:large, max-video-preview:-1\" \/>\n<link rel=\"canonical\" href=\"https:\/\/clotilde-hulin.com\/art\/actualite-expositions\/\" \/>\n<meta property=\"og:locale\" content=\"fr_FR\" \/>\n<meta property=\"og:type\" content=\"article\" \/>\n<meta property=\"og:title\" content=\"Actualit\u00e9 et expositions \u00e0 venir\" \/>\n<meta property=\"og:description\" content=\"Actualit\u00e9: prochaines expositions de groupe et \u00e9v\u00e9nements artistiques en cours et a venir dont l&#039;exposition Automne \u00e0 La Ciotat. %\" \/>\n<meta property=\"og:url\" content=\"https:\/\/clotilde-hulin.com\/art\/actualite-expositions\/\" \/>\n<meta property=\"og:site_name\" content=\"Clotide Hulin-Quarez\" \/>\n<meta property=\"article:modified_time\" content=\"2026-03-27T18:13:54+00:00\" \/>\n<meta property=\"og:image\" content=\"https:\/\/clotilde-hulin.com\/art\/wp-content\/uploads\/2026\/03\/Vert-Beige-Minimaliste-Presentation-Publication-Instagram-819x1024.png\" \/>\n\t<meta property=\"og:image:width\" content=\"819\" \/>\n\t<meta property=\"og:image:height\" content=\"1024\" \/>\n\t<meta property=\"og:image:type\" content=\"image\/png\" \/>\n<meta name=\"twitter:card\" content=\"summary_large_image\" \/>\n<meta name=\"twitter:label1\" content=\"Dur\u00e9e de lecture estim\u00e9e\" \/>\n\t<meta name=\"twitter:data1\" content=\"1 minute\" \/>\n<script type=\"application\/ld+json\" class=\"yoast-schema-graph\">{\"@context\":\"https:\\\/\\\/schema.org\",\"@graph\":[{\"@type\":\"WebPage\",\"@id\":\"https:\\\/\\\/clotilde-hulin.com\\\/art\\\/actualite-expositions\\\/\",\"url\":\"https:\\\/\\\/clotilde-hulin.com\\\/art\\\/actualite-expositions\\\/\",\"name\":\"Actualit\u00e9 et expositions \u00e0 venir\",\"isPartOf\":{\"@id\":\"https:\\\/\\\/clotilde-hulin.com\\\/art\\\/#website\"},\"primaryImageOfPage\":{\"@id\":\"https:\\\/\\\/clotilde-hulin.com\\\/art\\\/actualite-expositions\\\/#primaryimage\"},\"image\":{\"@id\":\"https:\\\/\\\/clotilde-hulin.com\\\/art\\\/actualite-expositions\\\/#primaryimage\"},\"thumbnailUrl\":\"https:\\\/\\\/clotilde-hulin.com\\\/art\\\/wp-content\\\/uploads\\\/2026\\\/03\\\/Vert-Beige-Minimaliste-Presentation-Publication-Instagram.png\",\"datePublished\":\"2026-03-26T23:00:42+00:00\",\"dateModified\":\"2026-03-27T18:13:54+00:00\",\"description\":\"Actualit\u00e9: prochaines expositions de groupe et \u00e9v\u00e9nements artistiques en cours et a venir dont l'exposition Automne \u00e0 La Ciotat. %\",\"breadcrumb\":{\"@id\":\"https:\\\/\\\/clotilde-hulin.com\\\/art\\\/actualite-expositions\\\/#breadcrumb\"},\"inLanguage\":\"fr-FR\",\"potentialAction\":[{\"@type\":\"ReadAction\",\"target\":[\"https:\\\/\\\/clotilde-hulin.com\\\/art\\\/actualite-expositions\\\/\"]}]},{\"@type\":\"ImageObject\",\"inLanguage\":\"fr-FR\",\"@id\":\"https:\\\/\\\/clotilde-hulin.com\\\/art\\\/actualite-expositions\\\/#primaryimage\",\"url\":\"https:\\\/\\\/clotilde-hulin.com\\\/art\\\/wp-content\\\/uploads\\\/2026\\\/03\\\/Vert-Beige-Minimaliste-Presentation-Publication-Instagram.png\",\"contentUrl\":\"https:\\\/\\\/clotilde-hulin.com\\\/art\\\/wp-content\\\/uploads\\\/2026\\\/03\\\/Vert-Beige-Minimaliste-Presentation-Publication-Instagram.png\",\"width\":1080,\"height\":1350},{\"@type\":\"BreadcrumbList\",\"@id\":\"https:\\\/\\\/clotilde-hulin.com\\\/art\\\/actualite-expositions\\\/#breadcrumb\",\"itemListElement\":[{\"@type\":\"ListItem\",\"position\":1,\"name\":\"Accueil\",\"item\":\"https:\\\/\\\/clotilde-hulin.com\\\/art\\\/\"},{\"@type\":\"ListItem\",\"position\":2,\"name\":\"actualit\u00e9 et futures expositions\"}]},{\"@type\":\"WebSite\",\"@id\":\"https:\\\/\\\/clotilde-hulin.com\\\/art\\\/#website\",\"url\":\"https:\\\/\\\/clotilde-hulin.com\\\/art\\\/\",\"name\":\"Clotide Hulin-Quarez\",\"description\":\"clotilde hulin-Quarez: artiste peintre - Porfolio -painting gallery, \u00e0 Laventie pr\u00e8s de lille , Hauts de France\",\"publisher\":{\"@id\":\"https:\\\/\\\/clotilde-hulin.com\\\/art\\\/#\\\/schema\\\/person\\\/a8c5f9cd9e31d53959c24cd0ec05abde\"},\"potentialAction\":[{\"@type\":\"SearchAction\",\"target\":{\"@type\":\"EntryPoint\",\"urlTemplate\":\"https:\\\/\\\/clotilde-hulin.com\\\/art\\\/?s={search_term_string}\"},\"query-input\":{\"@type\":\"PropertyValueSpecification\",\"valueRequired\":true,\"valueName\":\"search_term_string\"}}],\"inLanguage\":\"fr-FR\"},{\"@type\":[\"Person\",\"Organization\"],\"@id\":\"https:\\\/\\\/clotilde-hulin.com\\\/art\\\/#\\\/schema\\\/person\\\/a8c5f9cd9e31d53959c24cd0ec05abde\",\"name\":\"hulinquarez\",\"image\":{\"@type\":\"ImageObject\",\"inLanguage\":\"fr-FR\",\"@id\":\"https:\\\/\\\/clotilde-hulin.com\\\/art\\\/wp-content\\\/uploads\\\/2016\\\/02\\\/clotildehulin.jpg\",\"url\":\"https:\\\/\\\/clotilde-hulin.com\\\/art\\\/wp-content\\\/uploads\\\/2016\\\/02\\\/clotildehulin.jpg\",\"contentUrl\":\"https:\\\/\\\/clotilde-hulin.com\\\/art\\\/wp-content\\\/uploads\\\/2016\\\/02\\\/clotildehulin.jpg\",\"width\":1440,\"height\":460,\"caption\":\"hulinquarez\"},\"logo\":{\"@id\":\"https:\\\/\\\/clotilde-hulin.com\\\/art\\\/wp-content\\\/uploads\\\/2016\\\/02\\\/clotildehulin.jpg\"},\"sameAs\":[\"https:\\\/\\\/www.clotilde-hulin.com\",\"https:\\\/\\\/www.instagram.com\\\/clotildehulincreations\\\/\"]}]}<\/script>\n<!-- \/ Yoast SEO plugin. -->","yoast_head_json":{"title":"Actualit\u00e9 et expositions \u00e0 venir","description":"Actualit\u00e9: prochaines expositions de groupe et \u00e9v\u00e9nements artistiques en cours et a venir dont l'exposition Automne \u00e0 La Ciotat. %","robots":{"index":"index","follow":"follow","max-snippet":"max-snippet:-1","max-image-preview":"max-image-preview:large","max-video-preview":"max-video-preview:-1"},"canonical":"https:\/\/clotilde-hulin.com\/art\/actualite-expositions\/","og_locale":"fr_FR","og_type":"article","og_title":"Actualit\u00e9 et expositions \u00e0 venir","og_description":"Actualit\u00e9: prochaines expositions de groupe et \u00e9v\u00e9nements artistiques en cours et a venir dont l'exposition Automne \u00e0 La Ciotat. %","og_url":"https:\/\/clotilde-hulin.com\/art\/actualite-expositions\/","og_site_name":"Clotide Hulin-Quarez","article_modified_time":"2026-03-27T18:13:54+00:00","og_image":[{"width":819,"height":1024,"url":"https:\/\/clotilde-hulin.com\/art\/wp-content\/uploads\/2026\/03\/Vert-Beige-Minimaliste-Presentation-Publication-Instagram-819x1024.png","type":"image\/png"}],"twitter_card":"summary_large_image","twitter_misc":{"Dur\u00e9e de lecture estim\u00e9e":"1 minute"},"schema":{"@context":"https:\/\/schema.org","@graph":[{"@type":"WebPage","@id":"https:\/\/clotilde-hulin.com\/art\/actualite-expositions\/","url":"https:\/\/clotilde-hulin.com\/art\/actualite-expositions\/","name":"Actualit\u00e9 et expositions \u00e0 venir","isPartOf":{"@id":"https:\/\/clotilde-hulin.com\/art\/#website"},"primaryImageOfPage":{"@id":"https:\/\/clotilde-hulin.com\/art\/actualite-expositions\/#primaryimage"},"image":{"@id":"https:\/\/clotilde-hulin.com\/art\/actualite-expositions\/#primaryimage"},"thumbnailUrl":"https:\/\/clotilde-hulin.com\/art\/wp-content\/uploads\/2026\/03\/Vert-Beige-Minimaliste-Presentation-Publication-Instagram.png","datePublished":"2026-03-26T23:00:42+00:00","dateModified":"2026-03-27T18:13:54+00:00","description":"Actualit\u00e9: prochaines expositions de groupe et \u00e9v\u00e9nements artistiques en cours et a venir dont l'exposition Automne \u00e0 La Ciotat. %","breadcrumb":{"@id":"https:\/\/clotilde-hulin.com\/art\/actualite-expositions\/#breadcrumb"},"inLanguage":"fr-FR","potentialAction":[{"@type":"ReadAction","target":["https:\/\/clotilde-hulin.com\/art\/actualite-expositions\/"]}]},{"@type":"ImageObject","inLanguage":"fr-FR","@id":"https:\/\/clotilde-hulin.com\/art\/actualite-expositions\/#primaryimage","url":"https:\/\/clotilde-hulin.com\/art\/wp-content\/uploads\/2026\/03\/Vert-Beige-Minimaliste-Presentation-Publication-Instagram.png","contentUrl":"https:\/\/clotilde-hulin.com\/art\/wp-content\/uploads\/2026\/03\/Vert-Beige-Minimaliste-Presentation-Publication-Instagram.png","width":1080,"height":1350},{"@type":"BreadcrumbList","@id":"https:\/\/clotilde-hulin.com\/art\/actualite-expositions\/#breadcrumb","itemListElement":[{"@type":"ListItem","position":1,"name":"Accueil","item":"https:\/\/clotilde-hulin.com\/art\/"},{"@type":"ListItem","position":2,"name":"actualit\u00e9 et futures expositions"}]},{"@type":"WebSite","@id":"https:\/\/clotilde-hulin.com\/art\/#website","url":"https:\/\/clotilde-hulin.com\/art\/","name":"Clotide Hulin-Quarez","description":"clotilde hulin-Quarez: artiste peintre - Porfolio -painting gallery, \u00e0 Laventie pr\u00e8s de lille , Hauts de France","publisher":{"@id":"https:\/\/clotilde-hulin.com\/art\/#\/schema\/person\/a8c5f9cd9e31d53959c24cd0ec05abde"},"potentialAction":[{"@type":"SearchAction","target":{"@type":"EntryPoint","urlTemplate":"https:\/\/clotilde-hulin.com\/art\/?s={search_term_string}"},"query-input":{"@type":"PropertyValueSpecification","valueRequired":true,"valueName":"search_term_string"}}],"inLanguage":"fr-FR"},{"@type":["Person","Organization"],"@id":"https:\/\/clotilde-hulin.com\/art\/#\/schema\/person\/a8c5f9cd9e31d53959c24cd0ec05abde","name":"hulinquarez","image":{"@type":"ImageObject","inLanguage":"fr-FR","@id":"https:\/\/clotilde-hulin.com\/art\/wp-content\/uploads\/2016\/02\/clotildehulin.jpg","url":"https:\/\/clotilde-hulin.com\/art\/wp-content\/uploads\/2016\/02\/clotildehulin.jpg","contentUrl":"https:\/\/clotilde-hulin.com\/art\/wp-content\/uploads\/2016\/02\/clotildehulin.jpg","width":1440,"height":460,"caption":"hulinquarez"},"logo":{"@id":"https:\/\/clotilde-hulin.com\/art\/wp-content\/uploads\/2016\/02\/clotildehulin.jpg"},"sameAs":["https:\/\/www.clotilde-hulin.com","https:\/\/www.instagram.com\/clotildehulincreations\/"]}]}},"_links":{"self":[{"href":"https:\/\/clotilde-hulin.com\/art\/wp-json\/wp\/v2\/pages\/55","targetHints":{"allow":["GET"]}}],"collection":[{"href":"https:\/\/clotilde-hulin.com\/art\/wp-json\/wp\/v2\/pages"}],"about":[{"href":"https:\/\/clotilde-hulin.com\/art\/wp-json\/wp\/v2\/types\/page"}],"author":[{"embeddable":true,"href":"https:\/\/clotilde-hulin.com\/art\/wp-json\/wp\/v2\/users\/1"}],"replies":[{"embeddable":true,"href":"https:\/\/clotilde-hulin.com\/art\/wp-json\/wp\/v2\/comments?post=55"}],"version-history":[{"count":168,"href":"https:\/\/clotilde-hulin.com\/art\/wp-json\/wp\/v2\/pages\/55\/revisions"}],"predecessor-version":[{"id":1508,"href":"https:\/\/clotilde-hulin.com\/art\/wp-json\/wp\/v2\/pages\/55\/revisions\/1508"}],"wp:featuredmedia":[{"embeddable":true,"href":"https:\/\/clotilde-hulin.com\/art\/wp-json\/wp\/v2\/media\/1419"}],"wp:attachment":[{"href":"https:\/\/clotilde-hulin.com\/art\/wp-json\/wp\/v2\/media?parent=55"}],"curies":[{"name":"wp","href":"https:\/\/api.w.org\/{rel}","templated":true}]}}