{"id":282,"date":"2021-05-08T19:47:41","date_gmt":"2021-05-08T18:47:41","guid":{"rendered":"http:\/\/clotilde-hulin.com\/art\/?page_id=282"},"modified":"2023-11-19T17:51:30","modified_gmt":"2023-11-19T16:51:30","slug":"biographie-2","status":"publish","type":"page","link":"https:\/\/clotilde-hulin.com\/art\/biographie-2\/","title":{"rendered":"Biographie"},"content":{"rendered":"\n<div class=\"wp-block-columns is-layout-flex wp-container-core-columns-is-layout-28f84493 wp-block-columns-is-layout-flex\">\n<div class=\"wp-block-column is-layout-flow wp-block-column-is-layout-flow\">\n<p>Peintre du Nord de la France n\u00e9e en 1957, Clotilde Hulin Quarez grandit dans un environnement cr\u00e9atif au contact de la nature . Elle d\u00e9couvre la photographie, la peinture num\u00e9rique et suit des cours de mod\u00e8le vivant avec Roger Frezin aux Beaux Arts de Lille.\u00a0<\/p>\n\n\n\n<p> M\u00e8re de 4 enfants, elle occupe des fonctions de psychologue du travail, puis est chef d\u2019entreprise pendant 10 ans. Depuis 2015, elle se consacre enti\u00e8rement \u00e0 la peinture. Ses peintures po\u00e9tiques  entre abstrait et figuratif  abordent  des th\u00e8mes qui l&rsquo;ont toujours inspir\u00e9e : nature et paysages, chevaux, visages et portraits .\u00a0A partir de 2016, elle expose r\u00e9guli\u00e8rement ses tableaux. Expositions personnelles et salons d&rsquo;art contemporains . Notamment depuis 2018 au <a href=\"https:\/\/www.salon-automne.com\/fr\" target=\"_blank\" rel=\"noreferrer noopener\"> Salon\u00a0 Historique d\u2019automne <\/a>\u00e0 Paris. Avec le salon d&rsquo;Automne  elle expose en Chine au mus\u00e9e de la Cit\u00e9 des Arts de Xi\u2019an puis dans la galerie Internationale d\u2019Art pour la Jeunesse puis au japon au <a href=\"https:\/\/www.nact.jp\/english\/\" target=\"_blank\" rel=\"noreferrer noopener\">National art center de Tokyo.<\/a> Ses \u0153uvres sont propos\u00e9es sur Saatchi, Artsper, artiste contemporains . On peut \u00e9galement les trouver dans des collections priv\u00e9es en Chine  aux Etats Unis et en France.<\/p>\n\n\n\n<p><\/p>\n<\/div>\n\n\n\n<div class=\"wp-block-column is-layout-flow wp-block-column-is-layout-flow\">\n<figure class=\"wp-block-image size-large\"><img loading=\"lazy\" decoding=\"async\" width=\"1024\" height=\"768\" src=\"http:\/\/clotilde-hulin.com\/art\/wp-content\/uploads\/2021\/04\/clotildehulin-1024x768.jpg\" alt=\"\" class=\"wp-image-61\" srcset=\"https:\/\/clotilde-hulin.com\/art\/wp-content\/uploads\/2021\/04\/clotildehulin-1024x768.jpg 1024w, https:\/\/clotilde-hulin.com\/art\/wp-content\/uploads\/2021\/04\/clotildehulin-300x225.jpg 300w, https:\/\/clotilde-hulin.com\/art\/wp-content\/uploads\/2021\/04\/clotildehulin-768x576.jpg 768w, https:\/\/clotilde-hulin.com\/art\/wp-content\/uploads\/2021\/04\/clotildehulin-1536x1152.jpg 1536w, https:\/\/clotilde-hulin.com\/art\/wp-content\/uploads\/2021\/04\/clotildehulin.jpg 2000w\" sizes=\"auto, (max-width: 1024px) 100vw, 1024px\" \/><figcaption class=\"wp-element-caption\">A l&rsquo;atelier<\/figcaption><\/figure>\n<\/div>\n<\/div>\n","protected":false},"excerpt":{"rendered":"<p>Peintre du Nord de la France n\u00e9e en 1957, Clotilde Hulin Quarez grandit dans un environnement cr\u00e9atif au contact de la nature . Elle d\u00e9couvre la photographie, la peinture num\u00e9rique et suit des cours de mod\u00e8le vivant avec Roger Frezin aux Beaux Arts de Lille.\u00a0 M\u00e8re de 4 enfants, elle occupe des fonctions de psychologue [&hellip;]<\/p>\n","protected":false},"author":1,"featured_media":0,"parent":0,"menu_order":0,"comment_status":"closed","ping_status":"closed","template":"","meta":{"site-sidebar-layout":"default","site-content-layout":"default","ast-site-content-layout":"default","site-content-style":"default","site-sidebar-style":"default","ast-global-header-display":"","ast-banner-title-visibility":"","ast-main-header-display":"","ast-hfb-above-header-display":"","ast-hfb-below-header-display":"","ast-hfb-mobile-header-display":"","site-post-title":"","ast-breadcrumbs-content":"","ast-featured-img":"","footer-sml-layout":"","ast-disable-related-posts":"","theme-transparent-header-meta":"default","adv-header-id-meta":"","stick-header-meta":"","header-above-stick-meta":"","header-main-stick-meta":"","header-below-stick-meta":"","astra-migrate-meta-layouts":"set","ast-page-background-enabled":"default","ast-page-background-meta":{"desktop":{"background-color":"","background-image":"","background-repeat":"repeat","background-position":"center center","background-size":"auto","background-attachment":"scroll","background-type":"","background-media":"","overlay-type":"","overlay-color":"","overlay-opacity":"","overlay-gradient":""},"tablet":{"background-color":"","background-image":"","background-repeat":"repeat","background-position":"center center","background-size":"auto","background-attachment":"scroll","background-type":"","background-media":"","overlay-type":"","overlay-color":"","overlay-opacity":"","overlay-gradient":""},"mobile":{"background-color":"","background-image":"","background-repeat":"repeat","background-position":"center center","background-size":"auto","background-attachment":"scroll","background-type":"","background-media":"","overlay-type":"","overlay-color":"","overlay-opacity":"","overlay-gradient":""}},"ast-content-background-meta":{"desktop":{"background-color":"var(--ast-global-color-5)","background-image":"","background-repeat":"repeat","background-position":"center center","background-size":"auto","background-attachment":"scroll","background-type":"","background-media":"","overlay-type":"","overlay-color":"","overlay-opacity":"","overlay-gradient":""},"tablet":{"background-color":"var(--ast-global-color-5)","background-image":"","background-repeat":"repeat","background-position":"center center","background-size":"auto","background-attachment":"scroll","background-type":"","background-media":"","overlay-type":"","overlay-color":"","overlay-opacity":"","overlay-gradient":""},"mobile":{"background-color":"var(--ast-global-color-5)","background-image":"","background-repeat":"repeat","background-position":"center center","background-size":"auto","background-attachment":"scroll","background-type":"","background-media":"","overlay-type":"","overlay-color":"","overlay-opacity":"","overlay-gradient":""}},"two_page_speed":[],"footnotes":""},"class_list":["post-282","page","type-page","status-publish","hentry"],"yoast_head":"<!-- This site is optimized with the Yoast SEO plugin v27.4 - https:\/\/yoast.com\/product\/yoast-seo-wordpress\/ -->\n<title>Biographie - Clotide Hulin-Quarez<\/title>\n<meta name=\"description\" content=\"Biographie de Clotilde Hulin Quarez\" \/>\n<meta name=\"robots\" content=\"index, follow, max-snippet:-1, max-image-preview:large, max-video-preview:-1\" \/>\n<link rel=\"canonical\" href=\"https:\/\/clotilde-hulin.com\/art\/biographie-2\/\" \/>\n<meta property=\"og:locale\" content=\"fr_FR\" \/>\n<meta property=\"og:type\" content=\"article\" \/>\n<meta property=\"og:title\" content=\"Biographie - Clotide Hulin-Quarez\" \/>\n<meta property=\"og:description\" content=\"Biographie de Clotilde Hulin Quarez\" \/>\n<meta property=\"og:url\" content=\"https:\/\/clotilde-hulin.com\/art\/biographie-2\/\" \/>\n<meta property=\"og:site_name\" content=\"Clotide Hulin-Quarez\" \/>\n<meta property=\"article:modified_time\" content=\"2023-11-19T16:51:30+00:00\" \/>\n<meta property=\"og:image\" content=\"http:\/\/clotilde-hulin.com\/art\/wp-content\/uploads\/2021\/04\/clotildehulin-1024x768.jpg\" \/>\n<meta name=\"twitter:card\" content=\"summary_large_image\" \/>\n<meta name=\"twitter:label1\" content=\"Dur\u00e9e de lecture estim\u00e9e\" \/>\n\t<meta name=\"twitter:data1\" content=\"2 minutes\" \/>\n<script type=\"application\/ld+json\" class=\"yoast-schema-graph\">{\"@context\":\"https:\\\/\\\/schema.org\",\"@graph\":[{\"@type\":\"WebPage\",\"@id\":\"https:\\\/\\\/clotilde-hulin.com\\\/art\\\/biographie-2\\\/\",\"url\":\"https:\\\/\\\/clotilde-hulin.com\\\/art\\\/biographie-2\\\/\",\"name\":\"Biographie - Clotide Hulin-Quarez\",\"isPartOf\":{\"@id\":\"https:\\\/\\\/clotilde-hulin.com\\\/art\\\/#website\"},\"primaryImageOfPage\":{\"@id\":\"https:\\\/\\\/clotilde-hulin.com\\\/art\\\/biographie-2\\\/#primaryimage\"},\"image\":{\"@id\":\"https:\\\/\\\/clotilde-hulin.com\\\/art\\\/biographie-2\\\/#primaryimage\"},\"thumbnailUrl\":\"http:\\\/\\\/clotilde-hulin.com\\\/art\\\/wp-content\\\/uploads\\\/2021\\\/04\\\/clotildehulin-1024x768.jpg\",\"datePublished\":\"2021-05-08T18:47:41+00:00\",\"dateModified\":\"2023-11-19T16:51:30+00:00\",\"description\":\"Biographie de Clotilde Hulin Quarez\",\"breadcrumb\":{\"@id\":\"https:\\\/\\\/clotilde-hulin.com\\\/art\\\/biographie-2\\\/#breadcrumb\"},\"inLanguage\":\"fr-FR\",\"potentialAction\":[{\"@type\":\"ReadAction\",\"target\":[\"https:\\\/\\\/clotilde-hulin.com\\\/art\\\/biographie-2\\\/\"]}]},{\"@type\":\"ImageObject\",\"inLanguage\":\"fr-FR\",\"@id\":\"https:\\\/\\\/clotilde-hulin.com\\\/art\\\/biographie-2\\\/#primaryimage\",\"url\":\"http:\\\/\\\/clotilde-hulin.com\\\/art\\\/wp-content\\\/uploads\\\/2021\\\/04\\\/clotildehulin-1024x768.jpg\",\"contentUrl\":\"http:\\\/\\\/clotilde-hulin.com\\\/art\\\/wp-content\\\/uploads\\\/2021\\\/04\\\/clotildehulin-1024x768.jpg\"},{\"@type\":\"BreadcrumbList\",\"@id\":\"https:\\\/\\\/clotilde-hulin.com\\\/art\\\/biographie-2\\\/#breadcrumb\",\"itemListElement\":[{\"@type\":\"ListItem\",\"position\":1,\"name\":\"Accueil\",\"item\":\"https:\\\/\\\/clotilde-hulin.com\\\/art\\\/\"},{\"@type\":\"ListItem\",\"position\":2,\"name\":\"Biographie\"}]},{\"@type\":\"WebSite\",\"@id\":\"https:\\\/\\\/clotilde-hulin.com\\\/art\\\/#website\",\"url\":\"https:\\\/\\\/clotilde-hulin.com\\\/art\\\/\",\"name\":\"Clotide Hulin-Quarez\",\"description\":\"clotilde hulin-Quarez: artiste peintre - Porfolio -painting gallery, \u00e0 Laventie pr\u00e8s de lille , Hauts de France\",\"publisher\":{\"@id\":\"https:\\\/\\\/clotilde-hulin.com\\\/art\\\/#\\\/schema\\\/person\\\/a8c5f9cd9e31d53959c24cd0ec05abde\"},\"potentialAction\":[{\"@type\":\"SearchAction\",\"target\":{\"@type\":\"EntryPoint\",\"urlTemplate\":\"https:\\\/\\\/clotilde-hulin.com\\\/art\\\/?s={search_term_string}\"},\"query-input\":{\"@type\":\"PropertyValueSpecification\",\"valueRequired\":true,\"valueName\":\"search_term_string\"}}],\"inLanguage\":\"fr-FR\"},{\"@type\":[\"Person\",\"Organization\"],\"@id\":\"https:\\\/\\\/clotilde-hulin.com\\\/art\\\/#\\\/schema\\\/person\\\/a8c5f9cd9e31d53959c24cd0ec05abde\",\"name\":\"hulinquarez\",\"image\":{\"@type\":\"ImageObject\",\"inLanguage\":\"fr-FR\",\"@id\":\"https:\\\/\\\/clotilde-hulin.com\\\/art\\\/wp-content\\\/uploads\\\/2016\\\/02\\\/clotildehulin.jpg\",\"url\":\"https:\\\/\\\/clotilde-hulin.com\\\/art\\\/wp-content\\\/uploads\\\/2016\\\/02\\\/clotildehulin.jpg\",\"contentUrl\":\"https:\\\/\\\/clotilde-hulin.com\\\/art\\\/wp-content\\\/uploads\\\/2016\\\/02\\\/clotildehulin.jpg\",\"width\":1440,\"height\":460,\"caption\":\"hulinquarez\"},\"logo\":{\"@id\":\"https:\\\/\\\/clotilde-hulin.com\\\/art\\\/wp-content\\\/uploads\\\/2016\\\/02\\\/clotildehulin.jpg\"},\"sameAs\":[\"https:\\\/\\\/www.clotilde-hulin.com\",\"https:\\\/\\\/www.instagram.com\\\/clotildehulincreations\\\/\"]}]}<\/script>\n<!-- \/ Yoast SEO plugin. -->","yoast_head_json":{"title":"Biographie - Clotide Hulin-Quarez","description":"Biographie de Clotilde Hulin Quarez","robots":{"index":"index","follow":"follow","max-snippet":"max-snippet:-1","max-image-preview":"max-image-preview:large","max-video-preview":"max-video-preview:-1"},"canonical":"https:\/\/clotilde-hulin.com\/art\/biographie-2\/","og_locale":"fr_FR","og_type":"article","og_title":"Biographie - Clotide Hulin-Quarez","og_description":"Biographie de Clotilde Hulin Quarez","og_url":"https:\/\/clotilde-hulin.com\/art\/biographie-2\/","og_site_name":"Clotide Hulin-Quarez","article_modified_time":"2023-11-19T16:51:30+00:00","og_image":[{"url":"http:\/\/clotilde-hulin.com\/art\/wp-content\/uploads\/2021\/04\/clotildehulin-1024x768.jpg","type":"","width":"","height":""}],"twitter_card":"summary_large_image","twitter_misc":{"Dur\u00e9e de lecture estim\u00e9e":"2 minutes"},"schema":{"@context":"https:\/\/schema.org","@graph":[{"@type":"WebPage","@id":"https:\/\/clotilde-hulin.com\/art\/biographie-2\/","url":"https:\/\/clotilde-hulin.com\/art\/biographie-2\/","name":"Biographie - Clotide Hulin-Quarez","isPartOf":{"@id":"https:\/\/clotilde-hulin.com\/art\/#website"},"primaryImageOfPage":{"@id":"https:\/\/clotilde-hulin.com\/art\/biographie-2\/#primaryimage"},"image":{"@id":"https:\/\/clotilde-hulin.com\/art\/biographie-2\/#primaryimage"},"thumbnailUrl":"http:\/\/clotilde-hulin.com\/art\/wp-content\/uploads\/2021\/04\/clotildehulin-1024x768.jpg","datePublished":"2021-05-08T18:47:41+00:00","dateModified":"2023-11-19T16:51:30+00:00","description":"Biographie de Clotilde Hulin Quarez","breadcrumb":{"@id":"https:\/\/clotilde-hulin.com\/art\/biographie-2\/#breadcrumb"},"inLanguage":"fr-FR","potentialAction":[{"@type":"ReadAction","target":["https:\/\/clotilde-hulin.com\/art\/biographie-2\/"]}]},{"@type":"ImageObject","inLanguage":"fr-FR","@id":"https:\/\/clotilde-hulin.com\/art\/biographie-2\/#primaryimage","url":"http:\/\/clotilde-hulin.com\/art\/wp-content\/uploads\/2021\/04\/clotildehulin-1024x768.jpg","contentUrl":"http:\/\/clotilde-hulin.com\/art\/wp-content\/uploads\/2021\/04\/clotildehulin-1024x768.jpg"},{"@type":"BreadcrumbList","@id":"https:\/\/clotilde-hulin.com\/art\/biographie-2\/#breadcrumb","itemListElement":[{"@type":"ListItem","position":1,"name":"Accueil","item":"https:\/\/clotilde-hulin.com\/art\/"},{"@type":"ListItem","position":2,"name":"Biographie"}]},{"@type":"WebSite","@id":"https:\/\/clotilde-hulin.com\/art\/#website","url":"https:\/\/clotilde-hulin.com\/art\/","name":"Clotide Hulin-Quarez","description":"clotilde hulin-Quarez: artiste peintre - Porfolio -painting gallery, \u00e0 Laventie pr\u00e8s de lille , Hauts de France","publisher":{"@id":"https:\/\/clotilde-hulin.com\/art\/#\/schema\/person\/a8c5f9cd9e31d53959c24cd0ec05abde"},"potentialAction":[{"@type":"SearchAction","target":{"@type":"EntryPoint","urlTemplate":"https:\/\/clotilde-hulin.com\/art\/?s={search_term_string}"},"query-input":{"@type":"PropertyValueSpecification","valueRequired":true,"valueName":"search_term_string"}}],"inLanguage":"fr-FR"},{"@type":["Person","Organization"],"@id":"https:\/\/clotilde-hulin.com\/art\/#\/schema\/person\/a8c5f9cd9e31d53959c24cd0ec05abde","name":"hulinquarez","image":{"@type":"ImageObject","inLanguage":"fr-FR","@id":"https:\/\/clotilde-hulin.com\/art\/wp-content\/uploads\/2016\/02\/clotildehulin.jpg","url":"https:\/\/clotilde-hulin.com\/art\/wp-content\/uploads\/2016\/02\/clotildehulin.jpg","contentUrl":"https:\/\/clotilde-hulin.com\/art\/wp-content\/uploads\/2016\/02\/clotildehulin.jpg","width":1440,"height":460,"caption":"hulinquarez"},"logo":{"@id":"https:\/\/clotilde-hulin.com\/art\/wp-content\/uploads\/2016\/02\/clotildehulin.jpg"},"sameAs":["https:\/\/www.clotilde-hulin.com","https:\/\/www.instagram.com\/clotildehulincreations\/"]}]}},"_links":{"self":[{"href":"https:\/\/clotilde-hulin.com\/art\/wp-json\/wp\/v2\/pages\/282","targetHints":{"allow":["GET"]}}],"collection":[{"href":"https:\/\/clotilde-hulin.com\/art\/wp-json\/wp\/v2\/pages"}],"about":[{"href":"https:\/\/clotilde-hulin.com\/art\/wp-json\/wp\/v2\/types\/page"}],"author":[{"embeddable":true,"href":"https:\/\/clotilde-hulin.com\/art\/wp-json\/wp\/v2\/users\/1"}],"replies":[{"embeddable":true,"href":"https:\/\/clotilde-hulin.com\/art\/wp-json\/wp\/v2\/comments?post=282"}],"version-history":[{"count":9,"href":"https:\/\/clotilde-hulin.com\/art\/wp-json\/wp\/v2\/pages\/282\/revisions"}],"predecessor-version":[{"id":1149,"href":"https:\/\/clotilde-hulin.com\/art\/wp-json\/wp\/v2\/pages\/282\/revisions\/1149"}],"wp:attachment":[{"href":"https:\/\/clotilde-hulin.com\/art\/wp-json\/wp\/v2\/media?parent=282"}],"curies":[{"name":"wp","href":"https:\/\/api.w.org\/{rel}","templated":true}]}}