{"id":1018,"date":"2023-03-27T18:14:20","date_gmt":"2023-03-27T17:14:20","guid":{"rendered":"https:\/\/clotilde-hulin.com\/art\/?page_id=1018"},"modified":"2024-09-17T16:01:52","modified_gmt":"2024-09-17T15:01:52","slug":"la-peinture-a-lencaustique","status":"publish","type":"page","link":"https:\/\/clotilde-hulin.com\/art\/la-peinture-a-lencaustique\/","title":{"rendered":"La Peinture \u00e0 l&rsquo;encaustique"},"content":{"rendered":"\n<h2 class=\"wp-block-heading\">Depuis l&rsquo;antiquit\u00e9..<\/h2>\n\n\n\n<p>La <strong>peinture<\/strong> \u00e0 l&rsquo;<strong>encaustique<\/strong> ou <strong>peinture<\/strong> \u00e0 la cire d&rsquo;abeille et  utilis\u00e9e depuis l&rsquo;Antiquit\u00e9 !  Cette  <strong>technique<\/strong> de <strong>peinture<\/strong>  s&rsquo;appelle aussi <strong>peinture de feu<\/strong> puisque il faut <strong>chauffer<\/strong> le m\u00e9dium pour le rendre liquide afin de \u00ab\u00a0peindre\u00a0\u00bb .<\/p>\n\n\n\n<h2 class=\"wp-block-heading\">Avec de la cire d&rsquo;abeille et de la r\u00e9sine d&rsquo;arbre<\/h2>\n\n\n\n<p>Le m\u00e9dium est compos\u00e9 de cire d\u2019abeille m\u00e9lang\u00e9e \u00e0 de la r\u00e9sine dammar . A ce   m\u00e9lange , le m\u00e9dium donc, on ajoute un pigment pour colorer chaque pain de m\u00e9dium.  On utilise cette <strong>technique<\/strong> sur mat\u00e9riaux poreux principalement sur bois.<\/p>\n\n\n\n<h2 class=\"wp-block-heading\">Une technique \u00e0 chaud<\/h2>\n\n\n\n<p>Autre  particularit\u00e9 de cette technique,  en plus de s&rsquo;utiliser avec des plateaux chauffants  c&rsquo;est la peinture \u00e0 <strong>plat<\/strong>.. on d\u00e9pose une ou 2 couches de m\u00e9dium chaud puis on ajoute du m\u00e9dium color\u00e9 avec des pigments . Chaque couche&nbsp; de m\u00e9dium est<strong> fusionn\u00e9e<\/strong> \u00e0 la pr\u00e9c\u00e9dente avec un d\u00e9capeur thermique ou un chalumeau. ( fusionn\u00e9e et non fondue !)<\/p>\n\n\n\n<h2 class=\"wp-block-heading\">Une peinture polyvalente et cr\u00e9ative<\/h2>\n\n\n\n<p>L&rsquo;avantage de cette technique c&rsquo;est les possibilit\u00e9s sans fin  de cr\u00e9ation .Elle peut \u00eatre  gratt\u00e9e ,  coul\u00e9e et liss\u00e9e,  \u00e9galis\u00e9e voire sculpt\u00e9e  ( grace \u00e0  une mirette de sculpteur)  sillonn\u00e9e et textur\u00e9e avec des volumes si on laisse la derni\u00e8re couche  refroidir totalement  et enfin combin\u00e9e avec de l&rsquo;huile. ..on peut aussi&rsquo;y ajouter des l&rsquo;\u00e9l\u00e9ments qui se figent dans la cire &#8230;on peut la frotter pour la faire briller.  Elle peut \u00eatre opaque ou transparente selon la quantit\u00e9 et la qualit\u00e9 du pigment ajout\u00e9. il n&rsquo;y a pas de temps de s\u00e9chage, elle se fige immediatement    mais peut toujours \u00eatre retravaill\u00e9e avec le chalumeau par exemple.<\/p>\n\n\n\n<h2 class=\"wp-block-heading\">Solide et naturelle<\/h2>\n\n\n\n<p>Un tableau avec de la peinture \u00e0 l&rsquo;encaustique n&rsquo;a pas besoin d&rsquo;\u00eatre verni . En effet, la cire d&rsquo;abeille est imperm\u00e9able \u00e0 l&rsquo;humidit\u00e9, qui est l&rsquo;une des principales causes de la d\u00e9t\u00e9rioration d&rsquo;une peinture.  Aucun solvant n&rsquo;est n\u00e9cessaire la chaleur est utilis\u00e9e pour nettoyer les pinceaux .<\/p>\n\n\n\n<h2 class=\"wp-block-heading\">Une stabilit\u00e9 dans le temps<\/h2>\n\n\n\n<p>La <strong>peinture \u00e0 l\u2019encaustique<\/strong>, &nbsp;du grec enkaiein \u2013 faire br\u00fbler-&nbsp;\u00e9tait d\u00e9j\u00e0 &nbsp;utilis\u00e9e par les artistes \u00e9gyptiens, grecs et romains de l\u2019Antiquit\u00e9. Certains <a href=\"http:\/\/portraits.fayoum.free.fr\/\">portraits de Fayoum<\/a> ont \u00e9t\u00e9 peints suivant cette technique. La cire a un pouvoir <strong>hydrophobe<\/strong> qui assure une qualit\u00e9 exceptionnelle de conservation des \u0153uvres.<\/p>\n\n\n\n<p> la technique est donc tr\u00e8s  ancienne. Pline l&rsquo;ancien d\u00e9crit  une utilisation pour les vaisseaux de guerre : une sorte de peinture fa\u00eete de \u00ab\u00a0cires fondues au feu\u00a0\u00bb \u00e9tendue au pinceau \u00a0\u00bb&nbsp;qui, sur les navires, ne s\u2019alt\u00e8re ni par le soleil, ni par l\u2019eau sal\u00e9e, ni par les vents.\u00a0\u00bb. Car l&rsquo;une des propri\u00e9t\u00e9s de la cire est d&rsquo;\u00eatre un mat\u00e9riaux naturel et  hydrophobe, et donc elle r\u00e9siste \u00e0 l&rsquo;eau.&nbsp;Une fois pos\u00e9e sur le support \u00e0 peindre ce m\u00e9dium est d&rsquo;une redoutable stabilit\u00e9 dans le temps.<\/p>\n","protected":false},"excerpt":{"rendered":"<p>Depuis l&rsquo;antiquit\u00e9.. La peinture \u00e0 l&rsquo;encaustique ou peinture \u00e0 la cire d&rsquo;abeille et utilis\u00e9e depuis l&rsquo;Antiquit\u00e9 ! Cette technique de peinture s&rsquo;appelle aussi peinture de feu puisque il faut chauffer le m\u00e9dium pour le rendre liquide afin de \u00ab\u00a0peindre\u00a0\u00bb . Avec de la cire d&rsquo;abeille et de la r\u00e9sine d&rsquo;arbre Le m\u00e9dium est compos\u00e9 de [&hellip;]<\/p>\n","protected":false},"author":1,"featured_media":0,"parent":0,"menu_order":0,"comment_status":"closed","ping_status":"closed","template":"","meta":{"site-sidebar-layout":"default","site-content-layout":"","ast-site-content-layout":"default","site-content-style":"default","site-sidebar-style":"default","ast-global-header-display":"","ast-banner-title-visibility":"","ast-main-header-display":"","ast-hfb-above-header-display":"","ast-hfb-below-header-display":"","ast-hfb-mobile-header-display":"","site-post-title":"","ast-breadcrumbs-content":"","ast-featured-img":"","footer-sml-layout":"","ast-disable-related-posts":"","theme-transparent-header-meta":"","adv-header-id-meta":"","stick-header-meta":"","header-above-stick-meta":"","header-main-stick-meta":"","header-below-stick-meta":"","astra-migrate-meta-layouts":"set","ast-page-background-enabled":"default","ast-page-background-meta":{"desktop":{"background-color":"","background-image":"","background-repeat":"repeat","background-position":"center center","background-size":"auto","background-attachment":"scroll","background-type":"","background-media":"","overlay-type":"","overlay-color":"","overlay-opacity":"","overlay-gradient":""},"tablet":{"background-color":"","background-image":"","background-repeat":"repeat","background-position":"center center","background-size":"auto","background-attachment":"scroll","background-type":"","background-media":"","overlay-type":"","overlay-color":"","overlay-opacity":"","overlay-gradient":""},"mobile":{"background-color":"","background-image":"","background-repeat":"repeat","background-position":"center center","background-size":"auto","background-attachment":"scroll","background-type":"","background-media":"","overlay-type":"","overlay-color":"","overlay-opacity":"","overlay-gradient":""}},"ast-content-background-meta":{"desktop":{"background-color":"var(--ast-global-color-5)","background-image":"","background-repeat":"repeat","background-position":"center center","background-size":"auto","background-attachment":"scroll","background-type":"","background-media":"","overlay-type":"","overlay-color":"","overlay-opacity":"","overlay-gradient":""},"tablet":{"background-color":"var(--ast-global-color-5)","background-image":"","background-repeat":"repeat","background-position":"center center","background-size":"auto","background-attachment":"scroll","background-type":"","background-media":"","overlay-type":"","overlay-color":"","overlay-opacity":"","overlay-gradient":""},"mobile":{"background-color":"var(--ast-global-color-5)","background-image":"","background-repeat":"repeat","background-position":"center center","background-size":"auto","background-attachment":"scroll","background-type":"","background-media":"","overlay-type":"","overlay-color":"","overlay-opacity":"","overlay-gradient":""}},"two_page_speed":[],"footnotes":""},"class_list":["post-1018","page","type-page","status-publish","hentry"],"yoast_head":"<!-- This site is optimized with the Yoast SEO plugin v27.4 - https:\/\/yoast.com\/product\/yoast-seo-wordpress\/ -->\n<title>La Peinture \u00e0 l&#039;encaustique - Clotide Hulin-Quarez<\/title>\n<meta name=\"description\" content=\"la technique la peinture l&#039;encaustique utilisant des elements naturels ou peinture de feu ou encore beeswax painting et ses nombreux avantages : solidit\u00e9 , polyvalence stabilit\u00e9 .\" \/>\n<meta name=\"robots\" content=\"index, follow, max-snippet:-1, max-image-preview:large, max-video-preview:-1\" \/>\n<link rel=\"canonical\" href=\"https:\/\/clotilde-hulin.com\/art\/la-peinture-a-lencaustique\/\" \/>\n<meta property=\"og:locale\" content=\"fr_FR\" \/>\n<meta property=\"og:type\" content=\"article\" \/>\n<meta property=\"og:title\" content=\"encaustic painting\" \/>\n<meta property=\"og:description\" content=\"encaustic painting on wood panel\" \/>\n<meta property=\"og:url\" content=\"https:\/\/clotilde-hulin.com\/art\/la-peinture-a-lencaustique\/\" \/>\n<meta property=\"og:site_name\" content=\"Clotide Hulin-Quarez\" \/>\n<meta property=\"article:modified_time\" content=\"2024-09-17T15:01:52+00:00\" \/>\n<meta property=\"og:image\" content=\"https:\/\/clotilde-hulin.com\/art\/wp-content\/uploads\/2022\/06\/haierousse-paysageencastique.jpg\" \/>\n\t<meta property=\"og:image:width\" content=\"394\" \/>\n\t<meta property=\"og:image:height\" content=\"523\" \/>\n\t<meta property=\"og:image:type\" content=\"image\/jpeg\" \/>\n<meta name=\"twitter:card\" content=\"summary_large_image\" \/>\n<meta name=\"twitter:label1\" content=\"Dur\u00e9e de lecture estim\u00e9e\" \/>\n\t<meta name=\"twitter:data1\" content=\"2 minutes\" \/>\n<script type=\"application\/ld+json\" class=\"yoast-schema-graph\">{\"@context\":\"https:\\\/\\\/schema.org\",\"@graph\":[{\"@type\":\"WebPage\",\"@id\":\"https:\\\/\\\/clotilde-hulin.com\\\/art\\\/la-peinture-a-lencaustique\\\/\",\"url\":\"https:\\\/\\\/clotilde-hulin.com\\\/art\\\/la-peinture-a-lencaustique\\\/\",\"name\":\"La Peinture \u00e0 l'encaustique - Clotide Hulin-Quarez\",\"isPartOf\":{\"@id\":\"https:\\\/\\\/clotilde-hulin.com\\\/art\\\/#website\"},\"datePublished\":\"2023-03-27T17:14:20+00:00\",\"dateModified\":\"2024-09-17T15:01:52+00:00\",\"description\":\"la technique la peinture l'encaustique utilisant des elements naturels ou peinture de feu ou encore beeswax painting et ses nombreux avantages : solidit\u00e9 , polyvalence stabilit\u00e9 .\",\"breadcrumb\":{\"@id\":\"https:\\\/\\\/clotilde-hulin.com\\\/art\\\/la-peinture-a-lencaustique\\\/#breadcrumb\"},\"inLanguage\":\"fr-FR\",\"potentialAction\":[{\"@type\":\"ReadAction\",\"target\":[\"https:\\\/\\\/clotilde-hulin.com\\\/art\\\/la-peinture-a-lencaustique\\\/\"]}]},{\"@type\":\"BreadcrumbList\",\"@id\":\"https:\\\/\\\/clotilde-hulin.com\\\/art\\\/la-peinture-a-lencaustique\\\/#breadcrumb\",\"itemListElement\":[{\"@type\":\"ListItem\",\"position\":1,\"name\":\"Accueil\",\"item\":\"https:\\\/\\\/clotilde-hulin.com\\\/art\\\/\"},{\"@type\":\"ListItem\",\"position\":2,\"name\":\"La Peinture \u00e0 l&rsquo;encaustique\"}]},{\"@type\":\"WebSite\",\"@id\":\"https:\\\/\\\/clotilde-hulin.com\\\/art\\\/#website\",\"url\":\"https:\\\/\\\/clotilde-hulin.com\\\/art\\\/\",\"name\":\"Clotide Hulin-Quarez\",\"description\":\"clotilde hulin-Quarez: artiste peintre - Porfolio -painting gallery, \u00e0 Laventie pr\u00e8s de lille , Hauts de France\",\"publisher\":{\"@id\":\"https:\\\/\\\/clotilde-hulin.com\\\/art\\\/#\\\/schema\\\/person\\\/a8c5f9cd9e31d53959c24cd0ec05abde\"},\"potentialAction\":[{\"@type\":\"SearchAction\",\"target\":{\"@type\":\"EntryPoint\",\"urlTemplate\":\"https:\\\/\\\/clotilde-hulin.com\\\/art\\\/?s={search_term_string}\"},\"query-input\":{\"@type\":\"PropertyValueSpecification\",\"valueRequired\":true,\"valueName\":\"search_term_string\"}}],\"inLanguage\":\"fr-FR\"},{\"@type\":[\"Person\",\"Organization\"],\"@id\":\"https:\\\/\\\/clotilde-hulin.com\\\/art\\\/#\\\/schema\\\/person\\\/a8c5f9cd9e31d53959c24cd0ec05abde\",\"name\":\"hulinquarez\",\"image\":{\"@type\":\"ImageObject\",\"inLanguage\":\"fr-FR\",\"@id\":\"https:\\\/\\\/clotilde-hulin.com\\\/art\\\/wp-content\\\/uploads\\\/2016\\\/02\\\/clotildehulin.jpg\",\"url\":\"https:\\\/\\\/clotilde-hulin.com\\\/art\\\/wp-content\\\/uploads\\\/2016\\\/02\\\/clotildehulin.jpg\",\"contentUrl\":\"https:\\\/\\\/clotilde-hulin.com\\\/art\\\/wp-content\\\/uploads\\\/2016\\\/02\\\/clotildehulin.jpg\",\"width\":1440,\"height\":460,\"caption\":\"hulinquarez\"},\"logo\":{\"@id\":\"https:\\\/\\\/clotilde-hulin.com\\\/art\\\/wp-content\\\/uploads\\\/2016\\\/02\\\/clotildehulin.jpg\"},\"sameAs\":[\"https:\\\/\\\/www.clotilde-hulin.com\",\"https:\\\/\\\/www.instagram.com\\\/clotildehulincreations\\\/\"]}]}<\/script>\n<!-- \/ Yoast SEO plugin. -->","yoast_head_json":{"title":"La Peinture \u00e0 l'encaustique - Clotide Hulin-Quarez","description":"la technique la peinture l'encaustique utilisant des elements naturels ou peinture de feu ou encore beeswax painting et ses nombreux avantages : solidit\u00e9 , polyvalence stabilit\u00e9 .","robots":{"index":"index","follow":"follow","max-snippet":"max-snippet:-1","max-image-preview":"max-image-preview:large","max-video-preview":"max-video-preview:-1"},"canonical":"https:\/\/clotilde-hulin.com\/art\/la-peinture-a-lencaustique\/","og_locale":"fr_FR","og_type":"article","og_title":"encaustic painting","og_description":"encaustic painting on wood panel","og_url":"https:\/\/clotilde-hulin.com\/art\/la-peinture-a-lencaustique\/","og_site_name":"Clotide Hulin-Quarez","article_modified_time":"2024-09-17T15:01:52+00:00","og_image":[{"width":394,"height":523,"url":"https:\/\/clotilde-hulin.com\/art\/wp-content\/uploads\/2022\/06\/haierousse-paysageencastique.jpg","type":"image\/jpeg"}],"twitter_card":"summary_large_image","twitter_misc":{"Dur\u00e9e de lecture estim\u00e9e":"2 minutes"},"schema":{"@context":"https:\/\/schema.org","@graph":[{"@type":"WebPage","@id":"https:\/\/clotilde-hulin.com\/art\/la-peinture-a-lencaustique\/","url":"https:\/\/clotilde-hulin.com\/art\/la-peinture-a-lencaustique\/","name":"La Peinture \u00e0 l'encaustique - Clotide Hulin-Quarez","isPartOf":{"@id":"https:\/\/clotilde-hulin.com\/art\/#website"},"datePublished":"2023-03-27T17:14:20+00:00","dateModified":"2024-09-17T15:01:52+00:00","description":"la technique la peinture l'encaustique utilisant des elements naturels ou peinture de feu ou encore beeswax painting et ses nombreux avantages : solidit\u00e9 , polyvalence stabilit\u00e9 .","breadcrumb":{"@id":"https:\/\/clotilde-hulin.com\/art\/la-peinture-a-lencaustique\/#breadcrumb"},"inLanguage":"fr-FR","potentialAction":[{"@type":"ReadAction","target":["https:\/\/clotilde-hulin.com\/art\/la-peinture-a-lencaustique\/"]}]},{"@type":"BreadcrumbList","@id":"https:\/\/clotilde-hulin.com\/art\/la-peinture-a-lencaustique\/#breadcrumb","itemListElement":[{"@type":"ListItem","position":1,"name":"Accueil","item":"https:\/\/clotilde-hulin.com\/art\/"},{"@type":"ListItem","position":2,"name":"La Peinture \u00e0 l&rsquo;encaustique"}]},{"@type":"WebSite","@id":"https:\/\/clotilde-hulin.com\/art\/#website","url":"https:\/\/clotilde-hulin.com\/art\/","name":"Clotide Hulin-Quarez","description":"clotilde hulin-Quarez: artiste peintre - Porfolio -painting gallery, \u00e0 Laventie pr\u00e8s de lille , Hauts de France","publisher":{"@id":"https:\/\/clotilde-hulin.com\/art\/#\/schema\/person\/a8c5f9cd9e31d53959c24cd0ec05abde"},"potentialAction":[{"@type":"SearchAction","target":{"@type":"EntryPoint","urlTemplate":"https:\/\/clotilde-hulin.com\/art\/?s={search_term_string}"},"query-input":{"@type":"PropertyValueSpecification","valueRequired":true,"valueName":"search_term_string"}}],"inLanguage":"fr-FR"},{"@type":["Person","Organization"],"@id":"https:\/\/clotilde-hulin.com\/art\/#\/schema\/person\/a8c5f9cd9e31d53959c24cd0ec05abde","name":"hulinquarez","image":{"@type":"ImageObject","inLanguage":"fr-FR","@id":"https:\/\/clotilde-hulin.com\/art\/wp-content\/uploads\/2016\/02\/clotildehulin.jpg","url":"https:\/\/clotilde-hulin.com\/art\/wp-content\/uploads\/2016\/02\/clotildehulin.jpg","contentUrl":"https:\/\/clotilde-hulin.com\/art\/wp-content\/uploads\/2016\/02\/clotildehulin.jpg","width":1440,"height":460,"caption":"hulinquarez"},"logo":{"@id":"https:\/\/clotilde-hulin.com\/art\/wp-content\/uploads\/2016\/02\/clotildehulin.jpg"},"sameAs":["https:\/\/www.clotilde-hulin.com","https:\/\/www.instagram.com\/clotildehulincreations\/"]}]}},"_links":{"self":[{"href":"https:\/\/clotilde-hulin.com\/art\/wp-json\/wp\/v2\/pages\/1018","targetHints":{"allow":["GET"]}}],"collection":[{"href":"https:\/\/clotilde-hulin.com\/art\/wp-json\/wp\/v2\/pages"}],"about":[{"href":"https:\/\/clotilde-hulin.com\/art\/wp-json\/wp\/v2\/types\/page"}],"author":[{"embeddable":true,"href":"https:\/\/clotilde-hulin.com\/art\/wp-json\/wp\/v2\/users\/1"}],"replies":[{"embeddable":true,"href":"https:\/\/clotilde-hulin.com\/art\/wp-json\/wp\/v2\/comments?post=1018"}],"version-history":[{"count":8,"href":"https:\/\/clotilde-hulin.com\/art\/wp-json\/wp\/v2\/pages\/1018\/revisions"}],"predecessor-version":[{"id":1214,"href":"https:\/\/clotilde-hulin.com\/art\/wp-json\/wp\/v2\/pages\/1018\/revisions\/1214"}],"wp:attachment":[{"href":"https:\/\/clotilde-hulin.com\/art\/wp-json\/wp\/v2\/media?parent=1018"}],"curies":[{"name":"wp","href":"https:\/\/api.w.org\/{rel}","templated":true}]}}